{"id":1376,"date":"2015-08-12T03:27:57","date_gmt":"2015-08-12T03:27:57","guid":{"rendered":"https:\/\/renovation.thememove.com\/?page_id=1376"},"modified":"2025-04-06T19:01:49","modified_gmt":"2025-04-06T19:01:49","slug":"about-us","status":"publish","type":"page","link":"https:\/\/cysmaterialeselectricos.com\/info\/about-us\/","title":{"rendered":"About us"},"content":{"rendered":"<div class=\"wpb-content-wrapper\"><p>[vc_row full_width=\u00bbstretch_row_content\u00bb content_placement=\u00bbtop\u00bb parallax=\u00bbcontent-moving\u00bb parallax_image=\u00bb3717&#8243; el_class=\u00bbabout-us-page-title\u00bb css=\u00bb.vc_custom_1713912867437{margin-bottom: 60px !important;padding-top: 200px !important;padding-bottom: 200px !important;}\u00bb][vc_column][vc_custom_heading text=\u00bbFamilia C&amp;S\u00bb font_container=\u00bbtag:h2|font_size:60|text_align:center|color:%23ffffff\u00bb css=\u00bb.vc_custom_1712950991544{margin-bottom: 20px !important;}\u00bb][vc_custom_heading text=\u00bbConstruyendo confianza a trav\u00e9s de la calidad el\u00e9ctrica.\u00bb font_container=\u00bbtag:p|font_size:18|text_align:center|color:%23ffffff\u00bb][\/vc_column][\/vc_row][vc_row css=\u00bb.vc_custom_1441596593717{margin-bottom: 50px !important;border-top-width: 2px !important;border-right-width: 2px !important;border-bottom-width: 2px !important;border-left-width: 2px !important;padding-top: 50px !important;padding-bottom: 50px !important;border-left-color: #fbd232 !important;border-left-style: solid !important;border-right-color: #fbd232 !important;border-right-style: solid !important;border-top-color: #fbd232 !important;border-top-style: solid !important;border-bottom-color: #fbd232 !important;border-bottom-style: solid !important;}\u00bb][vc_column][vc_custom_heading text=\u00bbNuestra Historia\u00bb font_container=\u00bbtag:h2|font_size:24|text_align:center|color:%23121f32&#8243; css=\u00bb.vc_custom_1712951187349{margin-bottom: 30px !important;}\u00bb][vc_column_text]<\/p>\n<p style=\"text-align: justify;\">C&amp;S Materiales El\u00e9ctricos es una empresa que cuenta con m\u00e1s de 5 a\u00f1os de experiencia en el sector de materiales el\u00e9ctricos industriales, residenciales e iluminaci\u00f3n. Se encuentra estrat\u00e9gicamente ubicada en el centro de la ciudad de Neiva, donde cuenta con 1 punto de venta y bodega en el mismo lugar. El talento humano de la empresa se encuentra liderado por Sandra Beatriz Cachaya, con m\u00e1s de 20 a\u00f1os de experiencia, quien desde los 18 a\u00f1os se ha abierto camino en las ventas de materiales el\u00e9ctricos industriales, y quien ahora es gerente de C&amp;S Materiales El\u00e9ctricos.<\/p>\n<p style=\"text-align: justify;\">Su enfoque se encuentra en empresas del sector agroindustrial y pisc\u00edcola, con suministro de servicios y materiales el\u00e9ctricos especialmente de iluminaci\u00f3n, automatizaci\u00f3n, control, medici\u00f3n, indicaci\u00f3n, maniobra, neum\u00e1tica y herramientas.<\/p>\n<p>[\/vc_column_text][\/vc_column][\/vc_row][vc_row][vc_column width=\u00bb1\/2&#8243;][vc_custom_heading text=\u00bbNuestra Misi\u00f3n\u00bb font_container=\u00bbtag:h2|font_size:36|text_align:left|color:%231d2634&#8243; el_class=\u00bbheading-title\u00bb css=\u00bb.vc_custom_1712951359813{margin-bottom: 30px !important;}\u00bb][vc_column_text css=\u00bb.vc_custom_1712951584826{margin-bottom: 20px !important;}\u00bb]<\/p>\n<p style=\"text-align: justify;\">Somos una empresa competitiva, dedicada a la comercializaci\u00f3n de materiales el\u00e9ctricos industriales e iluminaci\u00f3n, con un amplio portafolio de productos y servicios que cumplen con los est\u00e1ndares de calidad y normatividad vigente establecida, asegurando la mejor opci\u00f3n en cuanto calidad \u2013 precio. Contamos con talento humano especializado, con experiencia en el mercado industrial, comprometido con la empresa, el cliente y el medio ambiente.<\/p>\n<p>[\/vc_column_text][vc_row_inner][vc_column_inner][vc_custom_heading text=\u00bbNuestra Visi\u00f3n\u00bb font_container=\u00bbtag:h2|font_size:36|text_align:left|color:%231d2634&#8243; el_class=\u00bbheading-title\u00bb css=\u00bb.vc_custom_1712951531181{margin-bottom: 30px !important;}\u00bb][vc_column_text css=\u00bb.vc_custom_1712951594504{margin-bottom: 20px !important;}\u00bb]<\/p>\n<p style=\"text-align: justify;\">Para el a\u00f1o 2025 seremos una empresa l\u00edder a nivel regional en la comercializaci\u00f3n de materiales el\u00e9ctricos industriales, iluminaci\u00f3n, y servicio t\u00e9cnico; comprometidos a una mejora continua con el cliente interno, externo y el medio ambiente. C&amp;S ser\u00e1 un ejemplo de vanguardia tecnol\u00f3gica e innovaci\u00f3n, ampliando las l\u00edneas de productos y garantizando la satisfacci\u00f3n de nuestros clientes.<\/p>\n<p>[\/vc_column_text][\/vc_column_inner][\/vc_row_inner][\/vc_column][vc_column width=\u00bb1\/2&#8243;][vc_column_text]<img loading=\"lazy\" decoding=\"async\" class=\"alignnone wp-image-3705 size-large\" src=\"https:\/\/www.cysmaterialeselectricos.com\/wp-content\/uploads\/2024\/04\/Nosotros-1024x806.jpg\" alt=\"\" width=\"1024\" height=\"806\" srcset=\"https:\/\/cysmaterialeselectricos.com\/info\/wp-content\/uploads\/2024\/04\/Nosotros-1024x806.jpg 1024w, https:\/\/cysmaterialeselectricos.com\/info\/wp-content\/uploads\/2024\/04\/Nosotros-300x236.jpg 300w, https:\/\/cysmaterialeselectricos.com\/info\/wp-content\/uploads\/2024\/04\/Nosotros-768x604.jpg 768w, https:\/\/cysmaterialeselectricos.com\/info\/wp-content\/uploads\/2024\/04\/Nosotros-1536x1209.jpg 1536w, https:\/\/cysmaterialeselectricos.com\/info\/wp-content\/uploads\/2024\/04\/Nosotros-2048x1612.jpg 2048w\" sizes=\"auto, (max-width: 1024px) 100vw, 1024px\" \/>[\/vc_column_text][\/vc_column][\/vc_row][vc_row][vc_column][vc_custom_heading text=\u00bbLos valores que nos representan\u00bb font_container=\u00bbtag:h2|font_size:36|text_align:center|color:%231d2634&#8243; el_class=\u00bbheading-title\u00bb css=\u00bb.vc_custom_1712957241004{margin-bottom: 30px !important;}\u00bb][\/vc_column][\/vc_row][vc_row el_class=\u00bbour-services style3&#8243; css=\u00bb.vc_custom_1494919903450{margin-bottom: 0px !important;padding-top: 15px !important;}\u00bb][vc_column width=\u00bb1\/2&#8243; offset=\u00bbvc_col-md-4&#8243;][vc_row_inner][vc_column_inner width=\u00bb1\/4&#8243; offset=\u00bbvc_col-xs-3&#8243;][thememove_icon type=\u00bbpe7stroke\u00bb icon_pe7stroke=\u00bbpe-7s-like2&#8243; font_size=\u00bb32&#8243; font_color=\u00bb#ffffff\u00bb][\/vc_column_inner][vc_column_inner width=\u00bb3\/4&#8243; offset=\u00bbvc_col-xs-9&#8243;][vc_custom_heading text=\u00bbIntegridad\u00bb font_container=\u00bbtag:h2|font_size:16|text_align:left|color:%231d2633&#8243; css=\u00bb.vc_custom_1721856266462{margin-bottom: 10px !important;border-bottom-width: 1px !important;padding-bottom: 5px !important;border-bottom-color: rgba(18,33,50,0.1) !important;border-bottom-style: solid !important;}\u00bb][vc_column_text]<span style=\"color: #1d2737;\">Es actuar con honestidad, liderar con el ejemplo personal, siendo fieles a los principios y valores humanos que rigen el actuar en nuestra empresa.<\/span>[\/vc_column_text][\/vc_column_inner][\/vc_row_inner][\/vc_column][vc_column width=\u00bb1\/2&#8243; offset=\u00bbvc_col-md-4&#8243;][vc_row_inner][vc_column_inner width=\u00bb1\/4&#8243; offset=\u00bbvc_col-xs-3&#8243;][thememove_icon type=\u00bbpe7stroke\u00bb icon_pe7stroke=\u00bbpe-7s-users\u00bb font_size=\u00bb32&#8243; font_color=\u00bb#ffffff\u00bb][\/vc_column_inner][vc_column_inner width=\u00bb3\/4&#8243; offset=\u00bbvc_col-xs-9&#8243;][vc_custom_heading text=\u00bbRespeto\u00bb font_container=\u00bbtag:h2|font_size:16|text_align:left|color:%231d2633&#8243; css=\u00bb.vc_custom_1721856273908{margin-bottom: 10px !important;border-bottom-width: 1px !important;padding-bottom: 5px !important;border-bottom-color: rgba(18,33,50,0.1) !important;border-bottom-style: solid !important;}\u00bb][vc_column_text]<span style=\"color: #1d2737;\">Capacidad que se adquiere para entender, comprender, tolerar y aceptar el criterio de los dem\u00e1s.<\/span>[\/vc_column_text][\/vc_column_inner][\/vc_row_inner][\/vc_column][vc_column width=\u00bb1\/2&#8243; offset=\u00bbvc_col-md-4&#8243;][vc_row_inner][vc_column_inner width=\u00bb1\/4&#8243; offset=\u00bbvc_col-xs-3&#8243;][thememove_icon type=\u00bbpe7stroke\u00bb icon_pe7stroke=\u00bbpe-7s-users\u00bb font_size=\u00bb32&#8243; font_color=\u00bb#ffffff\u00bb][\/vc_column_inner][vc_column_inner width=\u00bb3\/4&#8243; offset=\u00bbvc_col-xs-9&#8243;][vc_custom_heading text=\u00bbSolidaridad\u00bb font_container=\u00bbtag:h2|font_size:16|text_align:left|color:%231d2633&#8243; css=\u00bb.vc_custom_1721856282051{margin-bottom: 10px !important;border-bottom-width: 1px !important;padding-bottom: 5px !important;border-bottom-color: rgba(18,33,50,0.1) !important;border-bottom-style: solid !important;}\u00bb][vc_column_text]<span style=\"color: #1d2737;\">Es el aliento o fuerza interior que nos permite llevar a buen t\u00e9rmino las cosas que emprendemos.<\/span>[\/vc_column_text][\/vc_column_inner][\/vc_row_inner][\/vc_column][\/vc_row][vc_row el_class=\u00bbour-services style3&#8243; css=\u00bb.vc_custom_1494919903450{margin-bottom: 0px !important;padding-top: 15px !important;}\u00bb][vc_column width=\u00bb1\/2&#8243; offset=\u00bbvc_col-md-4&#8243;][vc_row_inner][vc_column_inner width=\u00bb1\/4&#8243; offset=\u00bbvc_col-xs-3&#8243;][thememove_icon type=\u00bbpe7stroke\u00bb icon_pe7stroke=\u00bbpe-7s-tools\u00bb font_size=\u00bb32&#8243; font_color=\u00bb#ffffff\u00bb][\/vc_column_inner][vc_column_inner width=\u00bb3\/4&#8243; offset=\u00bbvc_col-xs-9&#8243;][vc_custom_heading text=\u00bbCalidad\u00bb font_container=\u00bbtag:h2|font_size:16|text_align:left|color:%231d2633&#8243; css=\u00bb.vc_custom_1721856295574{margin-bottom: 10px !important;border-bottom-width: 1px !important;padding-bottom: 5px !important;border-bottom-color: rgba(18,33,50,0.1) !important;border-bottom-style: solid !important;}\u00bb][vc_column_text]<span style=\"color: #1d2737;\">La empresa tiene como compromiso la excelente calidad en la prestaci\u00f3n del servicio a los clientes.<\/span>[\/vc_column_text][\/vc_column_inner][\/vc_row_inner][\/vc_column][vc_column width=\u00bb1\/2&#8243; offset=\u00bbvc_col-md-4&#8243;][vc_row_inner][vc_column_inner width=\u00bb1\/4&#8243; offset=\u00bbvc_col-xs-3&#8243;][thememove_icon type=\u00bbpe7stroke\u00bb icon_pe7stroke=\u00bbpe-7s-like2&#8243; font_size=\u00bb32&#8243; font_color=\u00bb#ffffff\u00bb][\/vc_column_inner][vc_column_inner width=\u00bb3\/4&#8243; offset=\u00bbvc_col-xs-9&#8243;][vc_custom_heading text=\u00bbHonestidad\u00bb font_container=\u00bbtag:h2|font_size:16|text_align:left|color:%231d2633&#8243; css=\u00bb.vc_custom_1721856303396{margin-bottom: 10px !important;border-bottom-width: 1px !important;padding-bottom: 5px !important;border-bottom-color: rgba(18,33,50,0.1) !important;border-bottom-style: solid !important;}\u00bb][vc_column_text]<span style=\"color: #1d2737;\">Permite que cualquier proyecto humano se pueda realizar y la confianza colectiva se transforme en una fuerza de valor.<\/span>[\/vc_column_text][\/vc_column_inner][\/vc_row_inner][\/vc_column][vc_column width=\u00bb1\/2&#8243; offset=\u00bbvc_col-md-4&#8243;][vc_row_inner][vc_column_inner width=\u00bb1\/4&#8243; offset=\u00bbvc_col-xs-3&#8243;][thememove_icon type=\u00bbpe7stroke\u00bb icon_pe7stroke=\u00bbpe-7s-smile\u00bb font_size=\u00bb32&#8243; font_color=\u00bb#ffffff\u00bb][\/vc_column_inner][vc_column_inner width=\u00bb3\/4&#8243; offset=\u00bbvc_col-xs-9&#8243;][vc_custom_heading text=\u00bbResponsabilidad\u00bb font_container=\u00bbtag:h2|font_size:16|text_align:left|color:%231d2633&#8243; css=\u00bb.vc_custom_1721856314639{margin-bottom: 10px !important;border-bottom-width: 1px !important;padding-bottom: 5px !important;border-bottom-color: rgba(18,33,50,0.1) !important;border-bottom-style: solid !important;}\u00bb][vc_column_text]<span style=\"color: #1d2737;\">Capacidad de responder y dar cuenta de nuestros actos.<\/span>[\/vc_column_text][\/vc_column_inner][\/vc_row_inner][\/vc_column][\/vc_row][vc_row full_width=\u00bbstretch_row\u00bb el_class=\u00bbbe-a-piece-of-us middle alt-color\u00bb css=\u00bb.vc_custom_1712876838290{margin-bottom: 0px !important;padding-top: 65px !important;padding-bottom: 68px !important;background-color: #eeeeee !important;}\u00bb][vc_column width=\u00bb1\/12&#8243; el_class=\u00bbcenter\u00bb][thememove_icon icon_fontawesome=\u00bbfa fa-users\u00bb font_size=\u00bb26&#8243; font_color=\u00bb#1d2634&#8243;][\/vc_column][vc_column width=\u00bb2\/3&#8243; el_class=\u00bbcenter-xs start-sm\u00bb][vc_custom_heading text=\u00bb\u00a1Cotiza Ahora!\u00bb font_container=\u00bbtag:h2|font_size:32|text_align:left|color:%231d2736&#8243;][vc_column_text]No pierdas tiempo y solicita una cotizaci\u00f3n personalizada o compra online en nuestra tienda y da el paso hacia la calidad en tus proyectos el\u00e9ctricos.[\/vc_column_text][\/vc_column][vc_column width=\u00bb1\/4&#8243; el_class=\u00bbcenter\u00bb css=\u00bb.vc_custom_1712875524728{background-color: #606060 !important;}\u00bb][thememove_button text=\u00bbCont\u00e1ctenos\u00bb link=\u00bburl:https%3A%2F%2Fwww.cysmaterialeselectricos.com%2Finfo%2Fcontact%2F\u00bb][\/vc_column][\/vc_row]<\/p>\n<\/div>","protected":false},"excerpt":{"rendered":"<p>[vc_row full_width=\u00bbstretch_row_content\u00bb content_placement=\u00bbtop\u00bb parallax=\u00bbcontent-moving\u00bb parallax_image=\u00bb3717&#8243; el_class=\u00bbabout-us-page-title\u00bb css=\u00bb.vc_custom_1713912867437{margin-bottom: 60px !important;padding-top: 200px !important;padding-bottom: 200px !important;}\u00bb][vc_column][vc_custom_heading text=\u00bbFamilia C&amp;S\u00bb font_container=\u00bbtag:h2|font_size:60|text_align:center|color:%23ffffff\u00bb css=\u00bb.vc_custom_1712950991544{margin-bottom: 20px !important;}\u00bb][vc_custom_heading text=\u00bbConstruyendo confianza a trav\u00e9s de la calidad el\u00e9ctrica.\u00bb font_container=\u00bbtag:p|font_size:18|text_align:center|color:%23ffffff\u00bb][\/vc_column][\/vc_row][vc_row css=\u00bb.vc_custom_1441596593717{margin-bottom: 50px !important;border-top-width: 2px !important;border-right-width: 2px !important;border-bottom-width: 2px !important;border-left-width: 2px !important;padding-top: 50px !important;padding-bottom: 50px !important;border-left-color: #fbd232 !important;border-left-style: solid !important;border-right-color: #fbd232 !important;border-right-style: solid !important;border-top-color: #fbd232 !important;border-top-style: solid !important;border-bottom-color: [&hellip;]<\/p>\n","protected":false},"author":1,"featured_media":0,"parent":0,"menu_order":0,"comment_status":"open","ping_status":"open","template":"","meta":{"_joinchat":[],"footnotes":""},"class_list":["post-1376","page","type-page","status-publish","hentry"],"_links":{"self":[{"href":"https:\/\/cysmaterialeselectricos.com\/info\/wp-json\/wp\/v2\/pages\/1376","targetHints":{"allow":["GET"]}}],"collection":[{"href":"https:\/\/cysmaterialeselectricos.com\/info\/wp-json\/wp\/v2\/pages"}],"about":[{"href":"https:\/\/cysmaterialeselectricos.com\/info\/wp-json\/wp\/v2\/types\/page"}],"author":[{"embeddable":true,"href":"https:\/\/cysmaterialeselectricos.com\/info\/wp-json\/wp\/v2\/users\/1"}],"replies":[{"embeddable":true,"href":"https:\/\/cysmaterialeselectricos.com\/info\/wp-json\/wp\/v2\/comments?post=1376"}],"version-history":[{"count":65,"href":"https:\/\/cysmaterialeselectricos.com\/info\/wp-json\/wp\/v2\/pages\/1376\/revisions"}],"predecessor-version":[{"id":3842,"href":"https:\/\/cysmaterialeselectricos.com\/info\/wp-json\/wp\/v2\/pages\/1376\/revisions\/3842"}],"wp:attachment":[{"href":"https:\/\/cysmaterialeselectricos.com\/info\/wp-json\/wp\/v2\/media?parent=1376"}],"curies":[{"name":"wp","href":"https:\/\/api.w.org\/{rel}","templated":true}]}}