{"id":1752,"date":"2015-09-29T03:21:38","date_gmt":"2015-09-29T03:21:38","guid":{"rendered":"https:\/\/renovation.thememove.com\/?page_id=1752"},"modified":"2024-07-24T21:36:42","modified_gmt":"2024-07-24T21:36:42","slug":"servicios","status":"publish","type":"page","link":"https:\/\/cysmaterialeselectricos.com\/info\/services\/servicios\/","title":{"rendered":"servicios"},"content":{"rendered":"<div class=\"wpb-content-wrapper\"><p>[vc_row][vc_column]\n\t\t\t<!-- START New Homepage 02 REVOLUTION SLIDER 6.6.20 --><p class=\"rs-p-wp-fix\"><\/p>\n\t\t\t<rs-module-wrap id=\"rev_slider_5_1_wrapper\" data-source=\"gallery\" style=\"visibility:hidden;background:transparent;padding:0;margin:0px auto;margin-top:0;margin-bottom:0;\">\n\t\t\t\t<rs-module id=\"rev_slider_5_1\" style=\"\" data-version=\"6.6.20\">\n\t\t\t\t\t<rs-slides style=\"overflow: hidden; position: absolute;\">\n\t\t\t\t\t\t<rs-slide style=\"position: absolute;\" data-key=\"rs-18\" data-title=\"Slide 1\" data-duration=\"9030\" data-in=\"o:0;\" data-out=\"a:false;\">\n\t\t\t\t\t\t\t<img decoding=\"async\" src=\"\/\/cysmaterialeselectricos.com\/info\/wp-content\/plugins\/revslider\/public\/assets\/assets\/dummy.png\" alt=\"\" title=\"new-home02-slide01\" width=\"1920\" height=\"500\" class=\"rev-slidebg tp-rs-img rs-lazyload\" data-lazyload=\"\/\/renovation.thememove.com\/wp-content\/uploads\/2020\/06\/new-home02-slide01.jpg\" data-parallax=\"1\" data-no-retina>\n<!--\n\t\t\t\t\t\t\t--><rs-layer\n\t\t\t\t\t\t\t\tid=\"slider-5-slide-18-layer-1\" \n\t\t\t\t\t\t\t\tclass=\"Renovation-BigTitle rs-pxl-1\"\n\t\t\t\t\t\t\t\tdata-type=\"text\"\n\t\t\t\t\t\t\t\tdata-color=\"rgba(252, 210, 7, 1)\"\n\t\t\t\t\t\t\t\tdata-rsp_ch=\"on\"\n\t\t\t\t\t\t\t\tdata-xy=\"x:l,l,c,c;xo:412px,129px,0,0;yo:167px,156px,315px,271px;\"\n\t\t\t\t\t\t\t\tdata-text=\"s:48,40,40,32;l:55,45,45,40;fw:700;\"\n\t\t\t\t\t\t\t\tdata-padding=\"b:10;\"\n\t\t\t\t\t\t\t\tdata-frame_0=\"y:100%;\"\n\t\t\t\t\t\t\t\tdata-frame_1=\"e:power4.inOut;st:500;sp:2000;sR:500;\"\n\t\t\t\t\t\t\t\tdata-frame_999=\"o:0;e:nothing;st:9000;sR:6500;\"\n\t\t\t\t\t\t\t\tstyle=\"z-index:5;font-family:'Montserrat';\"\n\t\t\t\t\t\t\t><span style=\"color:#fff\">Descubre Nuestro<\/span> Mundo  \n\t\t\t\t\t\t\t<\/rs-layer><!--\n\n\t\t\t\t\t\t\t--><rs-layer\n\t\t\t\t\t\t\t\tid=\"slider-5-slide-18-layer-3\" \n\t\t\t\t\t\t\t\tclass=\"Renovation-BigTitle rs-pxl-2\"\n\t\t\t\t\t\t\t\tdata-type=\"text\"\n\t\t\t\t\t\t\t\tdata-color=\"rgba(255, 255, 255, 1)\"\n\t\t\t\t\t\t\t\tdata-rsp_ch=\"on\"\n\t\t\t\t\t\t\t\tdata-xy=\"x:l,l,c,c;xo:412px,130px,0,0;yo:226px,217px,367px,322px;\"\n\t\t\t\t\t\t\t\tdata-text=\"s:48,40,40,32;l:55,45,45,40;fw:700;\"\n\t\t\t\t\t\t\t\tdata-padding=\"b:10;\"\n\t\t\t\t\t\t\t\tdata-frame_0=\"y:100%;\"\n\t\t\t\t\t\t\t\tdata-frame_1=\"e:power4.inOut;st:880;sp:2000;sR:880;\"\n\t\t\t\t\t\t\t\tdata-frame_999=\"o:0;e:nothing;st:9000;sR:6120;\"\n\t\t\t\t\t\t\t\tstyle=\"z-index:6;font-family:'Montserrat';\"\n\t\t\t\t\t\t\t><span style=\"color:#fbd132\">de Soluciones <\/span> El\u00e9ctricas. \n\t\t\t\t\t\t\t<\/rs-layer><!--\n-->\t\t\t\t\t\t<\/rs-slide>\n\t\t\t\t\t<\/rs-slides>\n\t\t\t\t<\/rs-module>\n\t\t\t\t<script>\n\t\t\t\t\tsetREVStartSize({c: 'rev_slider_5_1',rl:[1240,1024,778,480],el:[500,500,800,720],gw:[1920,1024,778,480],gh:[500,500,800,720],type:'standard',justify:'',layout:'fullwidth',mh:\"0\"});if (window.RS_MODULES!==undefined && window.RS_MODULES.modules!==undefined && window.RS_MODULES.modules[\"revslider51\"]!==undefined) {window.RS_MODULES.modules[\"revslider51\"].once = false;window.revapi5 = undefined;if (window.RS_MODULES.checkMinimal!==undefined) window.RS_MODULES.checkMinimal()}\n\t\t\t\t<\/script>\n\t\t\t<\/rs-module-wrap>\n\t\t\t<!-- END REVOLUTION SLIDER -->\n[\/vc_column][\/vc_row][vc_row el_class=\u00bbprovide-services middle\u00bb css=\u00bb.vc_custom_1443499891036{margin-bottom: 30px !important;padding-top: 35px !important;}\u00bb][vc_column][vc_custom_heading text=\u00bbRespaldados por profesionales altamente capacitados y comprometidos con la excelencia.\u00bb font_container=\u00bbtag:h2|font_size:30|text_align:left|color:%231d2635&#8243;][vc_separator][vc_column_text]<\/p>\n<p style=\"text-align: justify;\">Nuestro equipo trabaja con eficiencia y precisi\u00f3n para satisfacer las necesidades de nuestros clientes. Adem\u00e1s, nos dedicamos a proporcionar una atenci\u00f3n al cliente excepcional, asegurando una grata experiencia. Conf\u00eda en nosotros para soluciones el\u00e9ctricas confiables y un servicio que supera tus expectativas.<\/p>\n<p>[\/vc_column_text][\/vc_column][\/vc_row][vc_row el_class=\u00bbour-services list-layout\u00bb css=\u00bb.vc_custom_1443515955943{margin-bottom: 0px !important;border-top-width: 2px !important;border-right-width: 2px !important;border-bottom-width: 1px !important;border-left-width: 2px !important;padding-top: 30px !important;padding-right: 15px !important;padding-bottom: 30px !important;padding-left: 15px !important;border-left-color: #eeeeee !important;border-left-style: solid !important;border-right-color: #eeeeee !important;border-right-style: solid !important;border-top-color: #eeeeee !important;border-top-style: solid !important;border-bottom-color: #eeeeee !important;border-bottom-style: solid !important;}\u00bb][vc_column width=\u00bb5\/12&#8243;][vc_single_image image=\u00bb3398&#8243; img_size=\u00bbfull\u00bb][\/vc_column][vc_column width=\u00bb7\/12&#8243;][vc_row_inner][vc_column_inner][vc_custom_heading text=\u00bbServicio T\u00e9cnico\u00bb font_container=\u00bbtag:h2|font_size:28|text_align:left|color:%23111111|line_height:1.2&#8243; css=\u00bb.vc_custom_1715034887431{margin-bottom: 30px !important;border-bottom-width: 1px !important;padding-bottom: 30px !important;border-bottom-color: #eeeeee !important;border-bottom-style: solid !important;}\u00bb link=\u00bburl:%23|title:Renovation\u00bb][vc_column_text]<\/p>\n<p style=\"text-align: justify;\">Ofrecemos soluciones integrales para garantizar la eficiencia y seguridad de tus sistemas el\u00e9ctricos. Conf\u00eda en nuestro equipo experto para brindarte servicios certificados y atenci\u00f3n personalizada en cada paso del proceso.<\/p>\n<p>[\/vc_column_text][vc_column_text css=\u00bb.vc_custom_1721856974731{margin-top: 15px !important;}\u00bb]<\/p>\n<ul class=\"wrench-list\">\n<li>Mantenimiento de tableros el\u00e9ctricos<\/li>\n<li>Mantenimiento de plantas el\u00e9ctricas<\/li>\n<li>Instalaci\u00f3n y mantenimiento de alumbrados<\/li>\n<li>Elaboraci\u00f3n e instalaci\u00f3n de tableros certificados<\/li>\n<li>Instalaci\u00f3n y conexi\u00f3n de motores<\/li>\n<li>Instalaci\u00f3n y mantenimiento de sistema de puesta a tierra<\/li>\n<li>Instalaci\u00f3n y mantenimiento de acometidas<\/li>\n<li>Compensaci\u00f3n por cobro de energ\u00eda reactiva<\/li>\n<\/ul>\n<p>[\/vc_column_text][\/vc_column_inner][\/vc_row_inner][\/vc_column][\/vc_row][vc_row el_class=\u00bbour-services list-layout\u00bb css=\u00bb.vc_custom_1443523015183{margin-bottom: 0px !important;border-top-width: 1px !important;border-right-width: 2px !important;border-bottom-width: 1px !important;border-left-width: 2px !important;padding-top: 30px !important;padding-right: 15px !important;padding-bottom: 30px !important;padding-left: 15px !important;border-left-color: #eeeeee !important;border-left-style: solid !important;border-right-color: #eeeeee !important;border-right-style: solid !important;border-top-color: #eeeeee !important;border-top-style: solid !important;border-bottom-color: #eeeeee !important;border-bottom-style: solid !important;}\u00bb][vc_column width=\u00bb5\/12&#8243;][vc_single_image image=\u00bb3631&#8243; img_size=\u00bbfull\u00bb][\/vc_column][vc_column width=\u00bb7\/12&#8243;][vc_row_inner][vc_column_inner][vc_custom_heading text=\u00bbVenta de materiales industriales\u00bb font_container=\u00bbtag:h2|font_size:28|text_align:left|color:%23111111|line_height:1.2&#8243; css=\u00bb.vc_custom_1715034899186{margin-bottom: 30px !important;border-bottom-width: 1px !important;padding-bottom: 30px !important;border-bottom-color: #eeeeee !important;border-bottom-style: solid !important;}\u00bb link=\u00bburl:%23|title:Electrical\u00bb][vc_column_text]<\/p>\n<p style=\"text-align: justify;\">Descubre una amplia gama de materiales el\u00e9ctricos de calidad superior en nuestra tienda. Desde cables hasta dispositivos de protecci\u00f3n, contamos con todo lo que necesitas para tus proyectos. Con precios competitivos, estamos aqu\u00ed para ayudarte a encontrar los productos adecuados para tus necesidades. Simplifica tu b\u00fasqueda y conf\u00eda en nosotros para obtener los materiales el\u00e9ctricos que impulsar\u00e1n tus proyectos hacia el \u00e9xito.<\/p>\n<p>[\/vc_column_text][\/vc_column_inner][\/vc_row_inner][vc_row_inner][vc_column_inner width=\u00bb1\/2&#8243;][vc_column_text css=\u00bb.vc_custom_1721856987167{margin-top: 15px !important;}\u00bb]<\/p>\n<ul class=\"wrench-list\">\n<li>Maniobra<\/li>\n<li>Automatizaci\u00f3n y control<\/li>\n<li>Accesorios para Tablero<\/li>\n<li>Iluminaci\u00f3n<\/li>\n<li>Medici\u00f3n e indicaci\u00f3n<\/li>\n<li>Cables y accesorios<\/li>\n<li>Caja plasticas y cofres met\u00e1licos<\/li>\n<\/ul>\n<p>[\/vc_column_text][\/vc_column_inner][vc_column_inner width=\u00bb1\/2&#8243;][vc_column_text css=\u00bb.vc_custom_1721856999483{margin-top: 15px !important;}\u00bb]<\/p>\n<ul class=\"wrench-list\">\n<li>Herramientas<\/li>\n<li>Clavijas y tomas<\/li>\n<li>Tuber\u00eda y accesorios<\/li>\n<li>Coraza y accesorios<\/li>\n<li>Estabilizador y ups<\/li>\n<li>Neum\u00e1tica<\/li>\n<li>Varios<\/li>\n<\/ul>\n<p>[\/vc_column_text][\/vc_column_inner][\/vc_row_inner][\/vc_column][\/vc_row]<\/p>\n<\/div>","protected":false},"excerpt":{"rendered":"<p>[vc_row][vc_column][\/vc_column][\/vc_row][vc_row el_class=\u00bbprovide-services middle\u00bb css=\u00bb.vc_custom_1443499891036{margin-bottom: 30px !important;padding-top: 35px !important;}\u00bb][vc_column][vc_custom_heading text=\u00bbRespaldados por profesionales altamente capacitados y comprometidos con la excelencia.\u00bb font_container=\u00bbtag:h2|font_size:30|text_align:left|color:%231d2635&#8243;][vc_separator][vc_column_text] Nuestro equipo trabaja con eficiencia y precisi\u00f3n para satisfacer las necesidades de nuestros clientes. Adem\u00e1s, nos dedicamos a proporcionar una atenci\u00f3n al cliente excepcional, asegurando una grata experiencia. Conf\u00eda en nosotros para soluciones el\u00e9ctricas confiables y [&hellip;]<\/p>\n","protected":false},"author":1,"featured_media":0,"parent":23,"menu_order":0,"comment_status":"open","ping_status":"closed","template":"","meta":{"_joinchat":[],"footnotes":""},"class_list":["post-1752","page","type-page","status-publish","hentry"],"_links":{"self":[{"href":"https:\/\/cysmaterialeselectricos.com\/info\/wp-json\/wp\/v2\/pages\/1752","targetHints":{"allow":["GET"]}}],"collection":[{"href":"https:\/\/cysmaterialeselectricos.com\/info\/wp-json\/wp\/v2\/pages"}],"about":[{"href":"https:\/\/cysmaterialeselectricos.com\/info\/wp-json\/wp\/v2\/types\/page"}],"author":[{"embeddable":true,"href":"https:\/\/cysmaterialeselectricos.com\/info\/wp-json\/wp\/v2\/users\/1"}],"replies":[{"embeddable":true,"href":"https:\/\/cysmaterialeselectricos.com\/info\/wp-json\/wp\/v2\/comments?post=1752"}],"version-history":[{"count":40,"href":"https:\/\/cysmaterialeselectricos.com\/info\/wp-json\/wp\/v2\/pages\/1752\/revisions"}],"predecessor-version":[{"id":3827,"href":"https:\/\/cysmaterialeselectricos.com\/info\/wp-json\/wp\/v2\/pages\/1752\/revisions\/3827"}],"up":[{"embeddable":true,"href":"https:\/\/cysmaterialeselectricos.com\/info\/wp-json\/wp\/v2\/pages\/23"}],"wp:attachment":[{"href":"https:\/\/cysmaterialeselectricos.com\/info\/wp-json\/wp\/v2\/media?parent=1752"}],"curies":[{"name":"wp","href":"https:\/\/api.w.org\/{rel}","templated":true}]}}